{"id":64679,"date":"2025-01-14T21:25:23","date_gmt":"2025-01-14T21:25:23","guid":{"rendered":"https:\/\/saraurku.com\/frequently-asked-questions\/"},"modified":"2025-06-18T00:42:39","modified_gmt":"2025-06-18T00:42:39","slug":"frequently-asked-questions","status":"publish","type":"page","link":"https:\/\/saraurku.com\/en\/frequently-asked-questions\/","title":{"rendered":"Frequently Asked Questions"},"content":{"rendered":"<p>[et_pb_section fb_built=&#8221;1&#8243; disabled_on=&#8221;off|off|off&#8221; _builder_version=&#8221;4.27.4&#8243; _module_preset=&#8221;default&#8221; background_image=&#8221;https:\/\/saraurku.com\/wp-content\/uploads\/2024\/10\/NAN02926-4&#215;3-1080px.jpg&#8221; width=&#8221;100%&#8221; module_alignment=&#8221;center&#8221; height=&#8221;800px&#8221; height_tablet=&#8221;800px&#8221; height_phone=&#8221;800px&#8221; height_last_edited=&#8221;on|tablet&#8221; custom_padding=&#8221;||||false|false&#8221; hover_enabled=&#8221;0&#8243; background_last_edited=&#8221;on|phone&#8221; background_image_phone=&#8221;https:\/\/saraurku.com\/wp-content\/uploads\/2024\/10\/NAN03902-3&#215;4-510px.jpg&#8221; background_enable_image_phone=&#8221;on&#8221; global_colors_info=&#8221;{}&#8221; theme_builder_area=&#8221;post_content&#8221; title_text=&#8221;Horneado Bizcochos en Le\u00f1a&#8221; sticky_enabled=&#8221;0&#8243; alt=&#8221;Una mujer sacando bizcochos de un horno de pizza de le\u00f1a caliente con un sart\u00e9n de mango largo.&#8221;][et_pb_row _builder_version=&#8221;4.27.4&#8243; _module_preset=&#8221;default&#8221; width_tablet=&#8221;&#8221; width_phone=&#8221;100%&#8221; width_last_edited=&#8221;on|phone&#8221; module_alignment=&#8221;right&#8221; custom_padding=&#8221;||||false|false&#8221; global_colors_info=&#8221;{}&#8221; theme_builder_area=&#8221;post_content&#8221;][et_pb_column type=&#8221;4_4&#8243; _builder_version=&#8221;4.19.2&#8243; _module_preset=&#8221;default&#8221; global_colors_info=&#8221;{}&#8221; theme_builder_area=&#8221;post_content&#8221;][et_pb_cta title=&#8221;Frequently Asked Questions&#8221; button_url=&#8221;https:\/\/saraurku.com\/en\/reservation-request\/&#8221; _builder_version=&#8221;4.27.4&#8243; _module_preset=&#8221;default&#8221; header_level=&#8221;h1&#8243; header_font_size=&#8221;52px&#8221; header_letter_spacing=&#8221;2px&#8221; header_line_height=&#8221;1.3em&#8221; body_font=&#8221;||||||||&#8221; body_text_color=&#8221;#dde068&#8243; body_font_size=&#8221;25px&#8221; body_letter_spacing=&#8221;1px&#8221; body_line_height=&#8221;1.3em&#8221; background_enable_color=&#8221;off&#8221; background_enable_image=&#8221;off&#8221; custom_button=&#8221;on&#8221; button_text_size=&#8221;16px&#8221; button_font=&#8221;||||||||&#8221; button_alignment=&#8221;left&#8221; button_custom_margin=&#8221;||||false|false&#8221; text_orientation=&#8221;right&#8221; width=&#8221;70%&#8221; width_tablet=&#8221;auto&#8221; width_phone=&#8221;&#8221; width_last_edited=&#8221;on|phone&#8221; module_alignment=&#8221;right&#8221; custom_margin=&#8221;200px||0px||false|false&#8221; custom_padding=&#8221;|120px|0px||false|false&#8221; custom_padding_tablet=&#8221;|||150px|false|false&#8221; custom_padding_phone=&#8221;|||10vw|false|false&#8221; custom_padding_last_edited=&#8221;on|phone&#8221; hover_enabled=&#8221;0&#8243; body_line_height_tablet=&#8221;1.3em&#8221; body_line_height_phone=&#8221;1.3em&#8221; body_line_height_last_edited=&#8221;on|desktop&#8221; border_radii=&#8221;on|10px|10px|10px|10px&#8221; button_text_shadow_style=&#8221;preset3&#8243; box_shadow_style_button=&#8221;preset1&#8243; box_shadow_color_button=&#8221;#000000&#8243; text_shadow_style=&#8221;preset3&#8243; text_shadow_blur_strength=&#8221;0.66em&#8221; global_colors_info=&#8221;{}&#8221; theme_builder_area=&#8221;post_content&#8221; sticky_enabled=&#8221;0&#8243;]<\/p>\n<p>Simple answers for planning an unforgettable trip<\/p>\n<p>[\/et_pb_cta][\/et_pb_column][\/et_pb_row][\/et_pb_section][et_pb_section fb_built=&#8221;1&#8243; _builder_version=&#8221;4.27.4&#8243; hover_enabled=&#8221;0&#8243; global_colors_info=&#8221;{}&#8221; sticky_enabled=&#8221;0&#8243; title_text=&#8221;footer&#8221; background_color=&#8221;RGBA(148,184,15,0.65)&#8221;][et_pb_row _builder_version=&#8221;4.27.4&#8243; background_size=&#8221;initial&#8221; background_position=&#8221;top_left&#8221; background_repeat=&#8221;repeat&#8221; hover_enabled=&#8221;0&#8243; global_colors_info=&#8221;{}&#8221; background_color=&#8221;#EDE4C7&#8243; border_radii=&#8221;on|15px|15px|15px|15px&#8221; border_width_all=&#8221;1px&#8221; border_color_all=&#8221;#1B5D34&#8243; box_shadow_style=&#8221;preset1&#8243; custom_padding=&#8221;|25px||25px|false|true&#8221; sticky_enabled=&#8221;0&#8243;][et_pb_column type=&#8221;4_4&#8243; _builder_version=&#8221;4.16&#8243; custom_padding=&#8221;|||&#8221; global_colors_info=&#8221;{}&#8221; custom_padding__hover=&#8221;|||&#8221;][et_pb_text admin_label=&#8221;FAQ&#8221; _builder_version=&#8221;4.27.4&#8243; header_text_color=&#8221;#94B80F&#8221; header_font_size=&#8221;45px&#8221; header_2_text_color=&#8221;#1B5D34&#8243; background_size=&#8221;initial&#8221; background_position=&#8221;top_left&#8221; background_repeat=&#8221;repeat&#8221; text_orientation=&#8221;center&#8221; module_alignment=&#8221;center&#8221; hover_enabled=&#8221;0&#8243; global_colors_info=&#8221;{}&#8221; sticky_enabled=&#8221;0&#8243; header_2_font_size=&#8221;32px&#8221;]<\/p>\n<h2>What you need to know&#8230;<\/h2>\n<p>[\/et_pb_text][et_pb_toggle title=&#8221;Why should I book a trip with Saraurku?&#8221; open_toggle_text_color=&#8221;#8D261F&#8221; open_toggle_background_color=&#8221;#EDECEA&#8221; closed_toggle_text_color=&#8221;#1B5D34&#8243; closed_toggle_background_color=&#8221;#EDECEA&#8221; icon_color=&#8221;#E85646&#8243; open_icon_color=&#8221;#F0998D&#8221; admin_label=&#8221;Why should I choose Biotropica Expeditions?&#8221; _builder_version=&#8221;4.27.4&#8243; body_text_color=&#8221;#212121&#8243; background_color=&#8221;RGBA(255,255,255,0)&#8221; background_size=&#8221;initial&#8221; background_position=&#8221;top_left&#8221; background_repeat=&#8221;repeat&#8221; hover_enabled=&#8221;0&#8243; global_colors_info=&#8221;{}&#8221; body_text_color__hover_enabled=&#8221;on|desktop&#8221; body_text_color__hover=&#8221;#212121&#8243; border_radii=&#8221;on|15px|15px|15px|15px&#8221; border_color_all=&#8221;#1B5D34&#8243; box_shadow_style=&#8221;preset1&#8243; sticky_enabled=&#8221;0&#8243;]<\/p>\n<p><span style=\"font-weight: 400;\">At Saraurku we offer unique community-based tourism experiences, connecting you with the traditions, culture and landscapes of Ecuador. Our tours support the sustainable development of local communities and allow you to participate in authentic activities that preserve their cultural identity. <\/span><\/p>\n<p>[\/et_pb_toggle][et_pb_toggle title=&#8221;What is included in a tour package?&#8221; open_toggle_text_color=&#8221;#8D261F&#8221; open_toggle_background_color=&#8221;#EDECEA&#8221; closed_toggle_text_color=&#8221;#1B5D34&#8243; closed_toggle_background_color=&#8221;#EDECEA&#8221; icon_color=&#8221;#E85646&#8243; open_icon_color=&#8221;#F0998D&#8221; admin_label=&#8221;Why should I choose Biotropica Expeditions?&#8221; _builder_version=&#8221;4.27.4&#8243; body_text_color=&#8221;#212121&#8243; background_color=&#8221;RGBA(255,255,255,0)&#8221; background_size=&#8221;initial&#8221; background_position=&#8221;top_left&#8221; background_repeat=&#8221;repeat&#8221; global_colors_info=&#8221;{}&#8221; body_text_color__hover_enabled=&#8221;on|desktop&#8221; body_text_color__hover=&#8221;#212121&#8243; box_shadow_style=&#8221;preset1&#8243; border_radii=&#8221;on|15px|15px|15px|15px&#8221; border_color_all=&#8221;#1B5D34&#8243;]<\/p>\n<p><span style=\"font-weight: 400;\">Our packages include private transportation throughout the tour, lodging in hotels and local communities, meals specified in the program, certified local guides, entrance fees to archaeological sites and cultural activities.<\/span><\/p>\n<p>[\/et_pb_toggle][et_pb_toggle title=&#8221;What is not included in the tour price?&#8221; open_toggle_text_color=&#8221;#8D261F&#8221; closed_toggle_text_color=&#8221;#1B5D34&#8243; closed_toggle_background_color=&#8221;#EDECEA&#8221; icon_color=&#8221;#E85646&#8243; open_icon_color=&#8221;#F0998D&#8221; _builder_version=&#8221;4.27.4&#8243; _module_preset=&#8221;default&#8221; body_text_color=&#8221;#212121&#8243; global_colors_info=&#8221;{}&#8221; body_text_color__hover_enabled=&#8221;on|desktop&#8221; body_text_color__hover=&#8221;#212121&#8243; box_shadow_style=&#8221;preset1&#8243; open_toggle_background_color=&#8221;#EDECEA&#8221; border_radii=&#8221;on|15px|15px|15px|15px&#8221; border_color_all=&#8221;#1B5D34&#8243;]<\/p>\n<p><span style=\"font-weight: 400;\">Not included are international or domestic flights, travel insurance, tips, alcoholic beverages, activities not mentioned in the itinerary and personal expenses.<\/span><\/p>\n<p>[\/et_pb_toggle][et_pb_toggle title=&#8221;How can I customize my tour?&#8221; open_toggle_text_color=&#8221;#8D261F&#8221; closed_toggle_text_color=&#8221;#1B5D34&#8243; closed_toggle_background_color=&#8221;#EDECEA&#8221; icon_color=&#8221;#E85646&#8243; open_icon_color=&#8221;#F0998D&#8221; _builder_version=&#8221;4.27.4&#8243; _module_preset=&#8221;default&#8221; body_text_color=&#8221;#212121&#8243; global_colors_info=&#8221;{}&#8221; body_text_color__hover_enabled=&#8221;on|desktop&#8221; body_text_color__hover=&#8221;#212121&#8243; box_shadow_style=&#8221;preset1&#8243; open_toggle_background_color=&#8221;#EDECEA&#8221; border_radii=&#8221;on|15px|15px|15px|15px&#8221; border_color_all=&#8221;#1B5D34&#8243;]<\/p>\n<p><span style=\"font-weight: 400;\">You can add additional days, include specific activities or visit sites of interest. Simply fill out the reservation form and add a message or contact us directly, and we will design a tour tailored to your interests. <\/span><\/p>\n<p>[\/et_pb_toggle][et_pb_toggle title=&#8221;What is the cancellation policy?&#8221; open_toggle_text_color=&#8221;#8D261F&#8221; closed_toggle_text_color=&#8221;#1B5D34&#8243; closed_toggle_background_color=&#8221;#EDECEA&#8221; icon_color=&#8221;#E85646&#8243; open_icon_color=&#8221;#F0998D&#8221; _builder_version=&#8221;4.27.4&#8243; _module_preset=&#8221;default&#8221; body_text_color=&#8221;#212121&#8243; global_colors_info=&#8221;{}&#8221; body_text_color__hover_enabled=&#8221;on|desktop&#8221; body_text_color__hover=&#8221;#212121&#8243; box_shadow_style=&#8221;preset1&#8243; open_toggle_background_color=&#8221;#EDECEA&#8221; border_radii=&#8221;on|15px|15px|15px|15px&#8221; border_color_all=&#8221;#1B5D34&#8243;]<\/p>\n<p><span style=\"font-weight: 400;\">To confirm your reservation, we require a 50% deposit. Cancellations made more than 45 days prior to the trip start date are eligible for a refund minus an administrative fee. Cancellations 45 days or less prior to departure are non-refundable. We recommend that you purchase travel insurance.   <\/span><\/p>\n<p>[\/et_pb_toggle][et_pb_toggle title=&#8221;Do I need a visa to visit Ecuador?&#8221; open_toggle_text_color=&#8221;#8D261F&#8221; closed_toggle_text_color=&#8221;#1B5D34&#8243; closed_toggle_background_color=&#8221;#EDECEA&#8221; icon_color=&#8221;#E85646&#8243; open_icon_color=&#8221;#F0998D&#8221; _builder_version=&#8221;4.27.4&#8243; _module_preset=&#8221;default&#8221; body_text_color=&#8221;#212121&#8243; global_colors_info=&#8221;{}&#8221; body_text_color__hover_enabled=&#8221;on|desktop&#8221; body_text_color__hover=&#8221;#212121&#8243; box_shadow_style=&#8221;preset1&#8243; open_toggle_background_color=&#8221;#EDECEA&#8221; border_radii=&#8221;on|15px|15px|15px|15px&#8221; border_color_all=&#8221;#1B5D34&#8243;]<\/p>\n<p><span style=\"font-weight: 400;\">Citizens of most countries, including the United States, Canada and Europe, do not need a visa for stays of up to 90 consecutive days. We suggest you check the specific requirements for your nationality before traveling. <\/span><\/p>\n<p>[\/et_pb_toggle][et_pb_toggle title=&#8221;What type of clothing and equipment should I bring?&#8221; open_toggle_text_color=&#8221;#8D261F&#8221; closed_toggle_text_color=&#8221;#1B5D34&#8243; closed_toggle_background_color=&#8221;#EDECEA&#8221; icon_color=&#8221;#E85646&#8243; open_icon_color=&#8221;#F0998D&#8221; _builder_version=&#8221;4.27.4&#8243; _module_preset=&#8221;default&#8221; body_text_color=&#8221;#212121&#8243; global_colors_info=&#8221;{}&#8221; body_text_color__hover_enabled=&#8221;on|desktop&#8221; body_text_color__hover=&#8221;#212121&#8243; box_shadow_style=&#8221;preset1&#8243; open_toggle_background_color=&#8221;#EDECEA&#8221; border_radii=&#8221;on|15px|15px|15px|15px&#8221; border_color_all=&#8221;#1B5D34&#8243;]<\/p>\n<p><span style=\"font-weight: 400;\">We recommend wearing comfortable, layered clothing to adapt to the changing weather. Sturdy hiking shoes, a raincoat, sunscreen, insect repellent and a hat or cap are essential. <\/span><\/p>\n<p>[\/et_pb_toggle][et_pb_toggle title=&#8221;Is it safe to travel with small children?&#8221; open_toggle_text_color=&#8221;#8D261F&#8221; closed_toggle_text_color=&#8221;#1B5D34&#8243; closed_toggle_background_color=&#8221;#EDECEA&#8221; icon_color=&#8221;#E85646&#8243; open_icon_color=&#8221;#F0998D&#8221; _builder_version=&#8221;4.27.4&#8243; _module_preset=&#8221;default&#8221; body_text_color=&#8221;#212121&#8243; global_colors_info=&#8221;{}&#8221; body_text_color__hover_enabled=&#8221;on|desktop&#8221; body_text_color__hover=&#8221;#212121&#8243; box_shadow_style=&#8221;preset1&#8243; open_toggle_background_color=&#8221;#EDECEA&#8221; border_radii=&#8221;on|15px|15px|15px|15px&#8221; border_color_all=&#8221;#1B5D34&#8243;]<\/p>\n<p><span style=\"font-weight: 400;\">Yes, our tours are suitable for families. We offer activities that can be enjoyed with children and make adaptations when necessary to ensure their comfort and safety. <\/span><\/p>\n<p>[\/et_pb_toggle][et_pb_toggle title=&#8221;Are tours offered in different languages?&#8221; open_toggle_text_color=&#8221;#8D261F&#8221; closed_toggle_text_color=&#8221;#1B5D34&#8243; closed_toggle_background_color=&#8221;#EDECEA&#8221; icon_color=&#8221;#E85646&#8243; open_icon_color=&#8221;#F0998D&#8221; _builder_version=&#8221;4.27.4&#8243; _module_preset=&#8221;default&#8221; body_text_color=&#8221;#212121&#8243; global_colors_info=&#8221;{}&#8221; body_text_color__hover_enabled=&#8221;on|desktop&#8221; body_text_color__hover=&#8221;#212121&#8243; box_shadow_style=&#8221;preset1&#8243; open_toggle_background_color=&#8221;#EDECEA&#8221; border_radii=&#8221;on|15px|15px|15px|15px&#8221; border_color_all=&#8221;#1B5D34&#8243;]<\/p>\n<p><span style=\"font-weight: 400;\">Yes, we have certified guides who speak Spanish and English. Please let us know in advance if you need a guide in another language. <\/span><\/p>\n<p>[\/et_pb_toggle][et_pb_toggle title=&#8221;How do I book a tour?&#8221; open_toggle_text_color=&#8221;#8D261F&#8221; closed_toggle_text_color=&#8221;#1B5D34&#8243; closed_toggle_background_color=&#8221;#EDECEA&#8221; icon_color=&#8221;#E85646&#8243; open_icon_color=&#8221;#F0998D&#8221; _builder_version=&#8221;4.27.4&#8243; _module_preset=&#8221;default&#8221; body_text_color=&#8221;#212121&#8243; global_colors_info=&#8221;{}&#8221; body_text_color__hover_enabled=&#8221;on|desktop&#8221; body_text_color__hover=&#8221;#212121&#8243; box_shadow_style=&#8221;preset1&#8243; open_toggle_background_color=&#8221;#EDECEA&#8221; border_radii=&#8221;on|15px|15px|15px|15px&#8221; border_color_all=&#8221;#1B5D34&#8243;]<\/p>\n<p><span style=\"font-weight: 400;\">You can easily book by filling out our online booking form or by contacting us directly. Once confirmed, we require a 50% deposit to secure your place. <\/span><\/p>\n<p>[\/et_pb_toggle][et_pb_toggle title=&#8221;What if I have special dietary needs?&#8221; open_toggle_text_color=&#8221;#8D261F&#8221; closed_toggle_text_color=&#8221;#1B5D34&#8243; closed_toggle_background_color=&#8221;#EDECEA&#8221; icon_color=&#8221;#E85646&#8243; open_icon_color=&#8221;#F0998D&#8221; _builder_version=&#8221;4.27.4&#8243; _module_preset=&#8221;default&#8221; body_text_color=&#8221;#212121&#8243; global_colors_info=&#8221;{}&#8221; body_text_color__hover_enabled=&#8221;on|desktop&#8221; body_text_color__hover=&#8221;#212121&#8243; box_shadow_style=&#8221;preset1&#8243; open_toggle_background_color=&#8221;#EDECEA&#8221; border_radii=&#8221;on|15px|15px|15px|15px&#8221; border_color_all=&#8221;#1B5D34&#8243;]<\/p>\n<p><span style=\"font-weight: 400;\">We can accommodate most dietary needs, such as vegetarian, vegan or food allergy options. Please indicate this at the time of booking. <\/span><\/p>\n<p>[\/et_pb_toggle][et_pb_toggle title=&#8221;What happens if my flight is delayed?&#8221; open_toggle_text_color=&#8221;#8D261F&#8221; closed_toggle_text_color=&#8221;#1B5D34&#8243; closed_toggle_background_color=&#8221;#EDECEA&#8221; icon_color=&#8221;#E85646&#8243; open_icon_color=&#8221;#F0998D&#8221; _builder_version=&#8221;4.27.4&#8243; _module_preset=&#8221;default&#8221; body_text_color=&#8221;#212121&#8243; global_colors_info=&#8221;{}&#8221; body_text_color__hover_enabled=&#8221;on|desktop&#8221; body_text_color__hover=&#8221;#212121&#8243; box_shadow_style=&#8221;preset1&#8243; open_toggle_background_color=&#8221;#EDECEA&#8221; border_radii=&#8221;on|15px|15px|15px|15px&#8221; border_color_all=&#8221;#1B5D34&#8243;]<\/p>\n<p><span style=\"font-weight: 400;\">If your flight is delayed, contact us immediately to coordinate the necessary adjustments to your transportation or itinerary.<\/span><\/p>\n<p>[\/et_pb_toggle][et_pb_toggle title=&#8221;What forms of payment do you accept?&#8221; open_toggle_text_color=&#8221;#8D261F&#8221; closed_toggle_text_color=&#8221;#1B5D34&#8243; closed_toggle_background_color=&#8221;#EDECEA&#8221; icon_color=&#8221;#E85646&#8243; open_icon_color=&#8221;#F0998D&#8221; _builder_version=&#8221;4.27.4&#8243; _module_preset=&#8221;default&#8221; body_text_color=&#8221;#212121&#8243; global_colors_info=&#8221;{}&#8221; body_text_color__hover_enabled=&#8221;on|desktop&#8221; body_text_color__hover=&#8221;#212121&#8243; box_shadow_style=&#8221;preset1&#8243; open_toggle_background_color=&#8221;#EDECEA&#8221; border_radii=&#8221;on|15px|15px|15px|15px&#8221; border_color_all=&#8221;#1B5D34&#8243;]<\/p>\n<p><span style=\"font-weight: 400;\">We accept payment by bank transfer, credit card and other secure methods. We will provide you with instructions when you confirm your reservation. <\/span><\/p>\n<p>[\/et_pb_toggle][et_pb_toggle title=&#8221;Do you offer travel insurance?&#8221; open_toggle_text_color=&#8221;#8D261F&#8221; closed_toggle_text_color=&#8221;#1B5D34&#8243; closed_toggle_background_color=&#8221;#EDECEA&#8221; icon_color=&#8221;#E85646&#8243; open_icon_color=&#8221;#F0998D&#8221; _builder_version=&#8221;4.27.4&#8243; _module_preset=&#8221;default&#8221; body_text_color=&#8221;#212121&#8243; global_colors_info=&#8221;{}&#8221; body_text_color__hover_enabled=&#8221;on|desktop&#8221; body_text_color__hover=&#8221;#212121&#8243; box_shadow_style=&#8221;preset1&#8243; open_toggle_background_color=&#8221;#EDECEA&#8221; border_radii=&#8221;on|15px|15px|15px|15px&#8221; border_color_all=&#8221;#1B5D34&#8243;]<\/p>\n<p><span style=\"font-weight: 400;\">We do not include travel insurance. Furthermore, we recommend purchasing coverage that includes medical emergencies, cancellations and other unforeseen events.<\/span><\/p>\n<p>[\/et_pb_toggle][et_pb_toggle title=&#8221;What can I expect in terms of altitude?&#8221; open_toggle_text_color=&#8221;#8D261F&#8221; closed_toggle_text_color=&#8221;#1B5D34&#8243; closed_toggle_background_color=&#8221;#EDECEA&#8221; icon_color=&#8221;#E85646&#8243; open_icon_color=&#8221;#F0998D&#8221; _builder_version=&#8221;4.27.4&#8243; _module_preset=&#8221;default&#8221; body_text_color=&#8221;#212121&#8243; global_colors_info=&#8221;{}&#8221; body_text_color__hover_enabled=&#8221;on|desktop&#8221; body_text_color__hover=&#8221;#212121&#8243; box_shadow_style=&#8221;preset1&#8243; open_toggle_background_color=&#8221;#EDECEA&#8221; border_radii=&#8221;on|15px|15px|15px|15px&#8221; border_color_all=&#8221;#1B5D34&#8243;]<\/p>\n<p><span style=\"font-weight: 400;\">Some regions, such as Quito and the Andes, are at high altitude. Take time to acclimatize, stay hydrated and avoid strenuous activities during the first 24-48 hours. <\/span><\/p>\n<p>[\/et_pb_toggle][et_pb_toggle title=&#8221;How do tours contribute to community and sustainable tourism?&#8221; open_toggle_text_color=&#8221;#8D261F&#8221; closed_toggle_text_color=&#8221;#1B5D34&#8243; closed_toggle_background_color=&#8221;#EDECEA&#8221; icon_color=&#8221;#E85646&#8243; open_icon_color=&#8221;#F0998D&#8221; _builder_version=&#8221;4.27.4&#8243; _module_preset=&#8221;default&#8221; body_text_color=&#8221;#212121&#8243; global_colors_info=&#8221;{}&#8221; body_text_color__hover_enabled=&#8221;on|desktop&#8221; body_text_color__hover=&#8221;#212121&#8243; box_shadow_style=&#8221;preset1&#8243; open_toggle_background_color=&#8221;#EDECEA&#8221; border_radii=&#8221;on|15px|15px|15px|15px&#8221; border_color_all=&#8221;#1B5D34&#8243;]<\/p>\n<p><span style=\"font-weight: 400;\">Our tours work directly with local communities, supporting their economy and preserving their cultural heritage. In addition, we prioritize sustainable practices to minimize environmental impact in all our activities. <\/span><\/p>\n<p>[\/et_pb_toggle][\/et_pb_column][\/et_pb_row][\/et_pb_section]<\/p>\n","protected":false},"excerpt":{"rendered":"<p>Simple answers for planning an unforgettable tripWhat you need to know&#8230;At Saraurku we offer unique community-based tourism experiences, connecting you with the traditions, culture and landscapes of Ecuador. Our tours support the sustainable development of local communities and allow you to participate in authentic activities that preserve their cultural identity. Our packages include private transportation [&hellip;]<\/p>\n","protected":false},"author":1,"featured_media":64517,"parent":0,"menu_order":0,"comment_status":"closed","ping_status":"closed","template":"","meta":{"_et_pb_use_builder":"on","_et_pb_old_content":"","_et_gb_content_width":"","footnotes":""},"class_list":["post-64679","page","type-page","status-publish","has-post-thumbnail","hentry"],"_links":{"self":[{"href":"https:\/\/saraurku.com\/en\/wp-json\/wp\/v2\/pages\/64679","targetHints":{"allow":["GET"]}}],"collection":[{"href":"https:\/\/saraurku.com\/en\/wp-json\/wp\/v2\/pages"}],"about":[{"href":"https:\/\/saraurku.com\/en\/wp-json\/wp\/v2\/types\/page"}],"author":[{"embeddable":true,"href":"https:\/\/saraurku.com\/en\/wp-json\/wp\/v2\/users\/1"}],"replies":[{"embeddable":true,"href":"https:\/\/saraurku.com\/en\/wp-json\/wp\/v2\/comments?post=64679"}],"version-history":[{"count":0,"href":"https:\/\/saraurku.com\/en\/wp-json\/wp\/v2\/pages\/64679\/revisions"}],"wp:featuredmedia":[{"embeddable":true,"href":"https:\/\/saraurku.com\/en\/wp-json\/wp\/v2\/media\/64517"}],"wp:attachment":[{"href":"https:\/\/saraurku.com\/en\/wp-json\/wp\/v2\/media?parent=64679"}],"curies":[{"name":"wp","href":"https:\/\/api.w.org\/{rel}","templated":true}]}}