{"id":64674,"date":"2025-01-25T22:02:49","date_gmt":"2025-01-25T22:02:49","guid":{"rendered":"https:\/\/saraurku.com\/plan-your-community-tourism-experience\/"},"modified":"2025-03-26T00:03:33","modified_gmt":"2025-03-26T00:03:33","slug":"plan-your-community-tourism-experience","status":"publish","type":"page","link":"https:\/\/saraurku.com\/en\/plan-your-community-tourism-experience\/","title":{"rendered":"Plan Your Community Tourism Experience"},"content":{"rendered":"<p>[et_pb_section fb_built=&#8221;1&#8243; _builder_version=&#8221;4.27.4&#8243; _module_preset=&#8221;default&#8221; background_color=&#8221;#EDECEA&#8221; global_colors_info=&#8221;{}&#8221; theme_builder_area=&#8221;post_content&#8221;][et_pb_row _builder_version=&#8221;4.22.0&#8243; _module_preset=&#8221;default&#8221; global_colors_info=&#8221;{}&#8221; theme_builder_area=&#8221;post_content&#8221;][et_pb_column type=&#8221;4_4&#8243; _builder_version=&#8221;4.22.0&#8243; _module_preset=&#8221;default&#8221; global_colors_info=&#8221;{}&#8221; theme_builder_area=&#8221;post_content&#8221;][et_pb_text _builder_version=&#8221;4.27.4&#8243; _module_preset=&#8221;default&#8221; text_letter_spacing=&#8221;2px&#8221; text_orientation=&#8221;center&#8221; global_colors_info=&#8221;{}&#8221; theme_builder_area=&#8221;post_content&#8221;]<\/p>\n<h1>Customize your community tourism experience!<\/h1>\n<p>Use this form to select the activities and communities you wish to include in your visit, the first step to creating a unique and meaningful experience with Saraurku. We strive to offer you an authentic connection to the culture, traditions, and landscapes of Saraguro. <\/p>\n<p>For more information about community tourism and what we offer, please visit our dedicated page: <a href=\"https:\/\/saraurku.com\/en\/community-tourism-in-saraguro-ecuador\/\">Community Tourism<\/a>.<\/p>\n<p>Complete this form and start your amazing journey today!<\/p>\n<p>&nbsp;<\/p>\n<p>[\/et_pb_text][et_pb_text _builder_version=&#8221;4.27.4&#8243; _module_preset=&#8221;default&#8221; hover_enabled=&#8221;0&#8243; global_colors_info=&#8221;{}&#8221; theme_builder_area=&#8221;post_content&#8221; sticky_enabled=&#8221;0&#8243;]<\/p>\n<div class=\"forminator-ui forminator-custom-form forminator-custom-form-64302 forminator-design--default  forminator_ajax\" data-forminator-render=\"0\" data-form=\"forminator-module-64302\" data-uid=\"69fdf705d97dd\"><br\/><\/div><form\r\n\t\t\t\tid=\"forminator-module-64302\"\r\n\t\t\t\tclass=\"forminator-ui forminator-custom-form forminator-custom-form-64302 forminator-design--default  forminator_ajax\"\r\n\t\t\t\tmethod=\"post\"\r\n\t\t\t\tdata-forminator-render=\"0\"\r\n\t\t\t\tdata-form-id=\"64302\"\r\n\t\t\t\t data-color-option=\"default\" data-design=\"default\" data-grid=\"open\" style=\"display: none;\"\r\n\t\t\t\tdata-uid=\"69fdf705d97dd\"\r\n\t\t\t><div role=\"alert\" aria-live=\"polite\" class=\"forminator-response-message forminator-error\" aria-hidden=\"true\"><\/div><div class=\"forminator-row\"><div id=\"name-1\" class=\"forminator-field-name forminator-col forminator-col-12 \"><div class=\"forminator-row forminator-no-margin\" data-multiple=\"true\"><div class=\"forminator-col forminator-col-md-6\"><div class=\"forminator-field\"><label for=\"forminator-field-first-name-1_69fdf705d97dd\" id=\"forminator-field-first-name-1_69fdf705d97dd-label\" class=\"forminator-label\">Nombre <span class=\"forminator-required\">*<\/span><\/label><input type=\"text\" name=\"name-1-first-name\" placeholder=\"\" id=\"forminator-field-first-name-1_69fdf705d97dd\" class=\"forminator-input\" aria-required=\"true\" data-multi=\"1\" autocomplete=\"given-name\" value=\"\" \/><\/div><\/div><div class=\"forminator-col forminator-col-md-6\"><div class=\"forminator-field\"><label for=\"forminator-field-last-name-1_69fdf705d97dd\" id=\"forminator-field-last-name-1_69fdf705d97dd-label\" class=\"forminator-label\">Apellido<\/label><input type=\"text\" name=\"name-1-last-name\" placeholder=\"\" id=\"forminator-field-last-name-1_69fdf705d97dd\" class=\"forminator-input\" aria-required=\"false\" data-multi=\"1\" autocomplete=\"family-name\" value=\"\" \/><\/div><\/div><\/div><\/div><\/div><div class=\"forminator-row\"><div id=\"email-1\" class=\"forminator-field-email forminator-col forminator-col-12 \"><div class=\"forminator-field\"><label for=\"forminator-field-email-1_69fdf705d97dd\" id=\"forminator-field-email-1_69fdf705d97dd-label\" class=\"forminator-label\">Correo Electr\u00f3nico <span class=\"forminator-required\">*<\/span><\/label><input type=\"email\" name=\"email-1\" value=\"\" placeholder=\"\" id=\"forminator-field-email-1_69fdf705d97dd\" class=\"forminator-input forminator-email--field\" data-required=\"true\" aria-required=\"true\" autocomplete=\"email\" \/><\/div><\/div><\/div><div class=\"forminator-row\"><div id=\"phone-1\" class=\"forminator-field-phone forminator-col forminator-col-12 \"><div class=\"forminator-field\"><label for=\"forminator-field-phone-1_69fdf705d97dd\" id=\"forminator-field-phone-1_69fdf705d97dd-label\" class=\"forminator-label\">Celular<\/label><input type=\"text\" name=\"phone-1\" value=\"\" placeholder=\"E.g. +1 3004005000\" id=\"forminator-field-phone-1_69fdf705d97dd\" class=\"forminator-input forminator-field--phone\" data-required=\"\" aria-required=\"false\" autocomplete=\"off\" \/><\/div><\/div><\/div><div class=\"forminator-row\"><div id=\"date-1\" class=\"forminator-field-date forminator-col forminator-col-12 \"><div class=\"forminator-field\"><label for=\"forminator-field-date-1-picker_69fdf705d97dd\" id=\"forminator-field-date-1-picker_69fdf705d97dd-label\" class=\"forminator-label\">Elige la fecha prevista de llegada <span class=\"forminator-required\">*<\/span><\/label><div class=\"forminator-input-with-icon\"><span class=\"forminator-icon-calendar\" aria-hidden=\"true\"><\/span><input autocomplete=\"off\" type=\"text\" size=\"1\" name=\"date-1\" value=\"08\/05\/2026\" placeholder=\"\" id=\"forminator-field-date-1-picker_69fdf705d97dd\" class=\"forminator-input forminator-datepicker\" data-required=\"1\" data-format=\"dd\/mm\/yy\" data-restrict-type=\"\" data-restrict=\"\" data-start-year=\"2023\" data-end-year=\"2033\" data-past-dates=\"enable\" data-start-of-week=\"1\" data-start-date=\"01\/01\/2023\" data-end-date=\"12\/31\/2033\" data-start-field=\"\" data-end-field=\"\" data-start-offset=\"\" data-end-offset=\"\" data-disable-date=\"\" data-disable-range=\"\" \/><\/div><\/div><\/div><\/div><div class=\"forminator-row\"><div id=\"date-2\" class=\"forminator-field-date forminator-col forminator-col-12 \"><div class=\"forminator-field\"><label for=\"forminator-field-date-2-picker_69fdf705d97dd\" id=\"forminator-field-date-2-picker_69fdf705d97dd-label\" class=\"forminator-label\">Elige la fecha prevista de salida <span class=\"forminator-required\">*<\/span><\/label><div class=\"forminator-input-with-icon\"><span class=\"forminator-icon-calendar\" aria-hidden=\"true\"><\/span><input autocomplete=\"off\" type=\"text\" size=\"1\" name=\"date-2\" value=\"08\/05\/2026\" placeholder=\"\" id=\"forminator-field-date-2-picker_69fdf705d97dd\" class=\"forminator-input forminator-datepicker\" data-required=\"1\" data-format=\"dd\/mm\/yy\" data-restrict-type=\"\" data-restrict=\"\" data-start-year=\"2023\" data-end-year=\"2033\" data-past-dates=\"enable\" data-start-of-week=\"1\" data-start-date=\"01\/01\/2023\" data-end-date=\"12\/31\/2033\" data-start-field=\"\" data-end-field=\"\" data-start-offset=\"\" data-end-offset=\"\" data-disable-date=\"\" data-disable-range=\"\" \/><\/div><\/div><\/div><\/div><div class=\"forminator-row\"><div id=\"checkbox-3\" class=\"forminator-field-checkbox forminator-col forminator-col-12 \"><div role=\"group\" class=\"forminator-field\" aria-labelledby=\"forminator-checkbox-group-forminator-field-checkbox-3-69fdf705d97dd-label\"><span id=\"forminator-checkbox-group-forminator-field-checkbox-3-69fdf705d97dd-label\" class=\"forminator-label\">\u00bfSon flexibles estas fechas?<\/span><label id=\"forminator-field-checkbox-3-1-69fdf705d97dd-label\" for=\"forminator-field-checkbox-3-1-69fdf705d97dd\" class=\"forminator-checkbox\" title=\"S\u00ed\"><input type=\"checkbox\" name=\"checkbox-3[]\" value=\"one\" id=\"forminator-field-checkbox-3-1-69fdf705d97dd\" aria-labelledby=\"forminator-field-checkbox-3-1-69fdf705d97dd-label\" data-calculation=\"0\"   data-hidden-behavior=\"zero\"\/><span class=\"forminator-checkbox-box\" aria-hidden=\"true\"><\/span><span class=\"forminator-checkbox-label\">S\u00ed<\/span><\/label><label id=\"forminator-field-checkbox-3-2-69fdf705d97dd-label\" for=\"forminator-field-checkbox-3-2-69fdf705d97dd\" class=\"forminator-checkbox\" title=\"No\"><input type=\"checkbox\" name=\"checkbox-3[]\" value=\"two\" id=\"forminator-field-checkbox-3-2-69fdf705d97dd\" aria-labelledby=\"forminator-field-checkbox-3-2-69fdf705d97dd-label\" data-calculation=\"0\"   data-hidden-behavior=\"zero\"\/><span class=\"forminator-checkbox-box\" aria-hidden=\"true\"><\/span><span class=\"forminator-checkbox-label\">No<\/span><\/label><\/div><\/div><\/div><div class=\"forminator-row\"><div id=\"checkbox-4\" class=\"forminator-field-checkbox forminator-col forminator-col-12 \"><div role=\"group\" class=\"forminator-field\" aria-labelledby=\"forminator-checkbox-group-forminator-field-checkbox-4-69fdf705d97dd-label\"><span id=\"forminator-checkbox-group-forminator-field-checkbox-4-69fdf705d97dd-label\" class=\"forminator-label\">\u00bfQu\u00e9 actividades te gustar\u00eda incluir?<\/span><label id=\"forminator-field-checkbox-4-1-69fdf705d97dd-label\" for=\"forminator-field-checkbox-4-1-69fdf705d97dd\" class=\"forminator-checkbox\" title=\"Intercambio cultural en familia\"><input type=\"checkbox\" name=\"checkbox-4[]\" value=\"one\" id=\"forminator-field-checkbox-4-1-69fdf705d97dd\" aria-labelledby=\"forminator-field-checkbox-4-1-69fdf705d97dd-label\" data-calculation=\"0\"   data-hidden-behavior=\"zero\"\/><span class=\"forminator-checkbox-box\" aria-hidden=\"true\"><\/span><span class=\"forminator-checkbox-label\">Intercambio cultural en familia<\/span><\/label><label id=\"forminator-field-checkbox-4-2-69fdf705d97dd-label\" for=\"forminator-field-checkbox-4-2-69fdf705d97dd\" class=\"forminator-checkbox\" title=\"Aventura como caminatas\"><input type=\"checkbox\" name=\"checkbox-4[]\" value=\"two\" id=\"forminator-field-checkbox-4-2-69fdf705d97dd\" aria-labelledby=\"forminator-field-checkbox-4-2-69fdf705d97dd-label\" data-calculation=\"0\"   data-hidden-behavior=\"zero\"\/><span class=\"forminator-checkbox-box\" aria-hidden=\"true\"><\/span><span class=\"forminator-checkbox-label\">Aventura como caminatas<\/span><\/label><label id=\"forminator-field-checkbox-4-3-69fdf705d97dd-label\" for=\"forminator-field-checkbox-4-3-69fdf705d97dd\" class=\"forminator-checkbox\" title=\"Rituales, ceremonias, festivales\"><input type=\"checkbox\" name=\"checkbox-4[]\" value=\"Rituales,-ceremonias,-festivales\" id=\"forminator-field-checkbox-4-3-69fdf705d97dd\" aria-labelledby=\"forminator-field-checkbox-4-3-69fdf705d97dd-label\" data-calculation=\"0\"   data-hidden-behavior=\"zero\"\/><span class=\"forminator-checkbox-box\" aria-hidden=\"true\"><\/span><span class=\"forminator-checkbox-label\">Rituales, ceremonias, festivales<\/span><\/label><label id=\"forminator-field-checkbox-4-4-69fdf705d97dd-label\" for=\"forminator-field-checkbox-4-4-69fdf705d97dd\" class=\"forminator-checkbox\" title=\"M\u00fasica y danza tradicional\"><input type=\"checkbox\" name=\"checkbox-4[]\" value=\"M\u00fasica-y-danza-tradicional\" id=\"forminator-field-checkbox-4-4-69fdf705d97dd\" aria-labelledby=\"forminator-field-checkbox-4-4-69fdf705d97dd-label\" data-calculation=\"0\"   data-hidden-behavior=\"zero\"\/><span class=\"forminator-checkbox-box\" aria-hidden=\"true\"><\/span><span class=\"forminator-checkbox-label\">M\u00fasica y danza tradicional<\/span><\/label><label id=\"forminator-field-checkbox-4-5-69fdf705d97dd-label\" for=\"forminator-field-checkbox-4-5-69fdf705d97dd\" class=\"forminator-checkbox\" title=\"Visitas a talleres artesanales\"><input type=\"checkbox\" name=\"checkbox-4[]\" value=\"Visitas-a-talleres-artesanales\" id=\"forminator-field-checkbox-4-5-69fdf705d97dd\" aria-labelledby=\"forminator-field-checkbox-4-5-69fdf705d97dd-label\" data-calculation=\"0\"   data-hidden-behavior=\"zero\"\/><span class=\"forminator-checkbox-box\" aria-hidden=\"true\"><\/span><span class=\"forminator-checkbox-label\">Visitas a talleres artesanales<\/span><\/label><label id=\"forminator-field-checkbox-4-6-69fdf705d97dd-label\" for=\"forminator-field-checkbox-4-6-69fdf705d97dd\" class=\"forminator-checkbox\" title=\"Gastronom\u00eda t\u00edpica\"><input type=\"checkbox\" name=\"checkbox-4[]\" value=\"Gastronom\u00eda-t\u00edpica\" id=\"forminator-field-checkbox-4-6-69fdf705d97dd\" aria-labelledby=\"forminator-field-checkbox-4-6-69fdf705d97dd-label\" data-calculation=\"0\"   data-hidden-behavior=\"zero\"\/><span class=\"forminator-checkbox-box\" aria-hidden=\"true\"><\/span><span class=\"forminator-checkbox-label\">Gastronom\u00eda t\u00edpica<\/span><\/label><\/div><\/div><\/div><div class=\"forminator-row\"><div id=\"checkbox-5\" class=\"forminator-field-checkbox forminator-col forminator-col-12 \"><div role=\"group\" class=\"forminator-field\" aria-labelledby=\"forminator-checkbox-group-forminator-field-checkbox-5-69fdf705d97dd-label\"><span id=\"forminator-checkbox-group-forminator-field-checkbox-5-69fdf705d97dd-label\" class=\"forminator-label\">\u00bfQu\u00e9 comunidades te gustar\u00eda visitar?<\/span><label id=\"forminator-field-checkbox-5-1-69fdf705d97dd-label\" for=\"forminator-field-checkbox-5-1-69fdf705d97dd\" class=\"forminator-checkbox\" title=\"\u00d1amar\u00edn\"><input type=\"checkbox\" name=\"checkbox-5[]\" value=\"one\" id=\"forminator-field-checkbox-5-1-69fdf705d97dd\" aria-labelledby=\"forminator-field-checkbox-5-1-69fdf705d97dd-label\" data-calculation=\"0\"   data-hidden-behavior=\"zero\"\/><span class=\"forminator-checkbox-box\" aria-hidden=\"true\"><\/span><span class=\"forminator-checkbox-label\">\u00d1amar\u00edn<\/span><\/label><label id=\"forminator-field-checkbox-5-2-69fdf705d97dd-label\" for=\"forminator-field-checkbox-5-2-69fdf705d97dd\" class=\"forminator-checkbox\" title=\"Gera\"><input type=\"checkbox\" name=\"checkbox-5[]\" value=\"two\" id=\"forminator-field-checkbox-5-2-69fdf705d97dd\" aria-labelledby=\"forminator-field-checkbox-5-2-69fdf705d97dd-label\" data-calculation=\"0\"   data-hidden-behavior=\"zero\"\/><span class=\"forminator-checkbox-box\" aria-hidden=\"true\"><\/span><span class=\"forminator-checkbox-label\">Gera<\/span><\/label><label id=\"forminator-field-checkbox-5-3-69fdf705d97dd-label\" for=\"forminator-field-checkbox-5-3-69fdf705d97dd\" class=\"forminator-checkbox\" title=\"Las Lagunas\"><input type=\"checkbox\" name=\"checkbox-5[]\" value=\"Rituales,-ceremonias,-festivales\" id=\"forminator-field-checkbox-5-3-69fdf705d97dd\" aria-labelledby=\"forminator-field-checkbox-5-3-69fdf705d97dd-label\" data-calculation=\"0\"   data-hidden-behavior=\"zero\"\/><span class=\"forminator-checkbox-box\" aria-hidden=\"true\"><\/span><span class=\"forminator-checkbox-label\">Las Lagunas<\/span><\/label><label id=\"forminator-field-checkbox-5-4-69fdf705d97dd-label\" for=\"forminator-field-checkbox-5-4-69fdf705d97dd\" class=\"forminator-checkbox\" title=\"O\u00f1acapac\"><input type=\"checkbox\" name=\"checkbox-5[]\" value=\"M\u00fasica-y-danza-tradicional\" id=\"forminator-field-checkbox-5-4-69fdf705d97dd\" aria-labelledby=\"forminator-field-checkbox-5-4-69fdf705d97dd-label\" data-calculation=\"0\"   data-hidden-behavior=\"zero\"\/><span class=\"forminator-checkbox-box\" aria-hidden=\"true\"><\/span><span class=\"forminator-checkbox-label\">O\u00f1acapac<\/span><\/label><label id=\"forminator-field-checkbox-5-5-69fdf705d97dd-label\" for=\"forminator-field-checkbox-5-5-69fdf705d97dd\" class=\"forminator-checkbox\" title=\"Ilincho\"><input type=\"checkbox\" name=\"checkbox-5[]\" value=\"Visitas-a-talleres-artesanales\" id=\"forminator-field-checkbox-5-5-69fdf705d97dd\" aria-labelledby=\"forminator-field-checkbox-5-5-69fdf705d97dd-label\" data-calculation=\"0\"   data-hidden-behavior=\"zero\"\/><span class=\"forminator-checkbox-box\" aria-hidden=\"true\"><\/span><span class=\"forminator-checkbox-label\">Ilincho<\/span><\/label><\/div><\/div><\/div><div class=\"forminator-row\"><div id=\"number-1\" class=\"forminator-field-number forminator-col forminator-col-12 \"><div class=\"forminator-field\"><label for=\"forminator-field-number-1_69fdf705d97dd\" id=\"forminator-field-number-1_69fdf705d97dd-label\" class=\"forminator-label\">\u00bfC\u00faantas personas hay en tu grupo?<\/label><input name=\"number-1\" value=\"\" placeholder=\"E.g. 10\" id=\"forminator-field-number-1_69fdf705d97dd\" class=\"forminator-input forminator-number--field\" inputmode=\"decimal\" data-required=\"\" data-decimals=\"0\" aria-required=\"false\" data-inputmask=\"&#039;groupSeparator&#039;: &#039;&#039;, &#039;radixPoint&#039;: &#039;&#039;, &#039;digits&#039;: &#039;0&#039;\" data-hidden-behavior=\"zero\" type=\"number\" step=\"any\" min=\"1\" max=\"150\" \/><\/div><\/div><\/div><div class=\"forminator-row\"><div id=\"radio-1\" class=\"forminator-field-radio forminator-col forminator-col-12 \"><div role=\"radiogroup\" class=\"forminator-field\" aria-labelledby=\"forminator-radiogroup-radio-1-69fdf705d97dd-label\"><span id=\"forminator-radiogroup-radio-1-69fdf705d97dd-label\" class=\"forminator-label\">\u00bfHay ni\u00f1os en tu grupo?<\/span><label id=\"forminator-field-radio-1-label-1\" for=\"forminator-field-radio-1-1-69fdf705d97dd\" class=\"forminator-radio\" title=\"S\u00ed\"><input type=\"radio\" name=\"radio-1\" value=\"one\" id=\"forminator-field-radio-1-1-69fdf705d97dd\" aria-labelledby=\"forminator-field-radio-1-label-1\" data-calculation=\"0\"   data-hidden-behavior=\"zero\"\/><span class=\"forminator-radio-bullet\" aria-hidden=\"true\"><\/span><span class=\"forminator-radio-label\">S\u00ed<\/span><\/label><label id=\"forminator-field-radio-1-label-2\" for=\"forminator-field-radio-1-2-69fdf705d97dd\" class=\"forminator-radio\" title=\"No\"><input type=\"radio\" name=\"radio-1\" value=\"two\" id=\"forminator-field-radio-1-2-69fdf705d97dd\" aria-labelledby=\"forminator-field-radio-1-label-2\" data-calculation=\"0\"   data-hidden-behavior=\"zero\"\/><span class=\"forminator-radio-bullet\" aria-hidden=\"true\"><\/span><span class=\"forminator-radio-label\">No<\/span><\/label><\/div><\/div><\/div><div class=\"forminator-row\"><div id=\"number-2\" class=\"forminator-field-number forminator-col forminator-col-12 \"><div class=\"forminator-field\"><label for=\"forminator-field-number-2_69fdf705d97dd\" id=\"forminator-field-number-2_69fdf705d97dd-label\" class=\"forminator-label\">\u00bfCu\u00e1ntos ni\u00f1os menores de 5 a\u00f1os?<\/label><input name=\"number-2\" value=\"\" placeholder=\"\" id=\"forminator-field-number-2_69fdf705d97dd\" class=\"forminator-input forminator-number--field\" inputmode=\"decimal\" data-required=\"\" data-decimals=\"0\" aria-required=\"false\" data-inputmask=\"&#039;groupSeparator&#039;: &#039;&#039;, &#039;radixPoint&#039;: &#039;&#039;, &#039;digits&#039;: &#039;0&#039;\" data-hidden-behavior=\"zero\" type=\"number\" step=\"any\" min=\"0\" max=\"8\" \/><\/div><\/div><\/div><div class=\"forminator-row\"><div id=\"number-3\" class=\"forminator-field-number forminator-col forminator-col-12 \"><div class=\"forminator-field\"><label for=\"forminator-field-number-3_69fdf705d97dd\" id=\"forminator-field-number-3_69fdf705d97dd-label\" class=\"forminator-label\">\u00bfC\u00faantos ni\u00f1os tienen entre 6 y 11 a\u00f1os?<\/label><input name=\"number-3\" value=\"\" placeholder=\"\" id=\"forminator-field-number-3_69fdf705d97dd\" class=\"forminator-input forminator-number--field\" inputmode=\"decimal\" data-required=\"\" data-decimals=\"0\" aria-required=\"false\" data-inputmask=\"&#039;groupSeparator&#039;: &#039;&#039;, &#039;radixPoint&#039;: &#039;&#039;, &#039;digits&#039;: &#039;0&#039;\" data-hidden-behavior=\"zero\" type=\"number\" step=\"any\" min=\"0\" max=\"8\" \/><\/div><\/div><\/div><div class=\"forminator-row\"><div id=\"number-4\" class=\"forminator-field-number forminator-col forminator-col-12 \"><div class=\"forminator-field\"><label for=\"forminator-field-number-4_69fdf705d97dd\" id=\"forminator-field-number-4_69fdf705d97dd-label\" class=\"forminator-label\">\u00bfC\u00faantos ni\u00f1os tienen entre 12 y 17 a\u00f1os?<\/label><input name=\"number-4\" value=\"\" placeholder=\"\" id=\"forminator-field-number-4_69fdf705d97dd\" class=\"forminator-input forminator-number--field\" inputmode=\"decimal\" data-required=\"\" data-decimals=\"0\" aria-required=\"false\" data-inputmask=\"&#039;groupSeparator&#039;: &#039;&#039;, &#039;radixPoint&#039;: &#039;&#039;, &#039;digits&#039;: &#039;0&#039;\" data-hidden-behavior=\"zero\" type=\"number\" step=\"any\" min=\"0\" max=\"8\" \/><\/div><\/div><\/div><div class=\"forminator-row\"><div id=\"textarea-1\" class=\"forminator-field-textarea forminator-col forminator-col-12 \"><div class=\"forminator-field\"><label for=\"forminator-field-textarea-1_69fdf705d97dd\" id=\"forminator-field-textarea-1_69fdf705d97dd-label\" class=\"forminator-label\">Informaci\u00f3n adicional<\/label><textarea name=\"textarea-1\" placeholder=\"\u00bfHay algo m\u00e1s que te gustar\u00eda que supi\u00e9ramos sobre tu grupo?\" id=\"forminator-field-textarea-1_69fdf705d97dd\" class=\"forminator-textarea\" rows=\"6\" style=\"--forminator-textarea-min-height:140px;\" ><\/textarea><span id=\"forminator-field-textarea-1_69fdf705d97dd-description\" class=\"forminator-description\"><span data-limit=\"400\" data-type=\"words\" data-editor=\"\">0 \/ 400<\/span><\/span><\/div><\/div><\/div><div class=\"forminator-row\"><div id=\"textarea-2\" class=\"forminator-field-textarea forminator-col forminator-col-12 \"><div class=\"forminator-field\"><label for=\"forminator-field-textarea-2_69fdf705d97dd\" id=\"forminator-field-textarea-2_69fdf705d97dd-label\" class=\"forminator-label\">\u00bfPreguntas?<\/label><textarea name=\"textarea-2\" placeholder=\"Escribe tus preguntas aqu\u00ed...\" id=\"forminator-field-textarea-2_69fdf705d97dd\" class=\"forminator-textarea\" rows=\"6\" style=\"--forminator-textarea-min-height:140px;\" ><\/textarea><span id=\"forminator-field-textarea-2_69fdf705d97dd-description\" class=\"forminator-description\"><span data-limit=\"400\" data-type=\"words\" data-editor=\"\">0 \/ 400<\/span><\/span><\/div><\/div><\/div><div class=\"forminator-row forminator-hidden\"><div id=\"hidden-1\" class=\"forminator-field-hidden  forminator-col-12 \"><input type=\"hidden\" id=\"hidden-1_69fdf705d97dd\" name=\"hidden-1\" value=\"Plan Your Community Tourism Experience\" \/><\/div><\/div><div class=\"forminator-row forminator-hidden\"><div id=\"hidden-2\" class=\"forminator-field-hidden  forminator-col-12 \"><input type=\"hidden\" id=\"hidden-2_69fdf705d97dd\" name=\"hidden-2\" value=\"2:45:25 pm, GMT+0000\" \/><\/div><\/div><input type=\"hidden\" name=\"referer_url\" value=\"\" \/><div class=\"forminator-row forminator-row-last\"><div class=\"forminator-col\"><div class=\"forminator-field\"><button class=\"forminator-button forminator-button-submit\">Solicita tu Cotizaci&oacute;n<\/button><\/div><\/div><\/div><input type=\"hidden\" id=\"forminator_nonce\" name=\"forminator_nonce\" value=\"fa74cb13cf\" \/><input type=\"hidden\" name=\"_wp_http_referer\" value=\"\/en\/wp-json\/wp\/v2\/pages\/64674\" \/><input type=\"hidden\" name=\"form_id\" value=\"64302\"><input type=\"hidden\" name=\"page_id\" value=\"64674\"><input type=\"hidden\" name=\"form_type\" value=\"default\"><input type=\"hidden\" name=\"current_url\" value=\"https:\/\/saraurku.com\/en\/plan-your-community-tourism-experience\/\"><input type=\"hidden\" name=\"render_id\" value=\"0\"><input type=\"hidden\" name=\"action\" value=\"forminator_submit_form_custom-forms\"><label for=\"input_18\" class=\"forminator-hidden\" aria-hidden=\"true\">Please do not fill in this field. <input id=\"input_18\" type=\"text\" name=\"input_18\" value=\"\" autocomplete=\"off\"><\/label><\/form>\n<p>[\/et_pb_text][\/et_pb_column][\/et_pb_row][\/et_pb_section]<\/p>\n","protected":false},"excerpt":{"rendered":"<p>Customize your community tourism experience! Use this form to select the activities and communities you wish to include in your visit, the first step to creating a unique and meaningful experience with Saraurku. We strive to offer you an authentic connection to the culture, traditions, and landscapes of Saraguro. For more information about community tourism [&hellip;]<\/p>\n","protected":false},"author":1,"featured_media":0,"parent":0,"menu_order":0,"comment_status":"closed","ping_status":"closed","template":"","meta":{"_et_pb_use_builder":"on","_et_pb_old_content":"","_et_gb_content_width":"","footnotes":""},"class_list":["post-64674","page","type-page","status-publish","hentry"],"_links":{"self":[{"href":"https:\/\/saraurku.com\/en\/wp-json\/wp\/v2\/pages\/64674","targetHints":{"allow":["GET"]}}],"collection":[{"href":"https:\/\/saraurku.com\/en\/wp-json\/wp\/v2\/pages"}],"about":[{"href":"https:\/\/saraurku.com\/en\/wp-json\/wp\/v2\/types\/page"}],"author":[{"embeddable":true,"href":"https:\/\/saraurku.com\/en\/wp-json\/wp\/v2\/users\/1"}],"replies":[{"embeddable":true,"href":"https:\/\/saraurku.com\/en\/wp-json\/wp\/v2\/comments?post=64674"}],"version-history":[{"count":0,"href":"https:\/\/saraurku.com\/en\/wp-json\/wp\/v2\/pages\/64674\/revisions"}],"wp:attachment":[{"href":"https:\/\/saraurku.com\/en\/wp-json\/wp\/v2\/media?parent=64674"}],"curies":[{"name":"wp","href":"https:\/\/api.w.org\/{rel}","templated":true}]}}